{"id":401,"date":"2023-07-26T13:50:20","date_gmt":"2023-07-26T11:50:20","guid":{"rendered":"https:\/\/mysa-home.ch\/?page_id=401"},"modified":"2023-09-12T20:38:37","modified_gmt":"2023-09-12T18:38:37","slug":"testimonials","status":"publish","type":"page","link":"https:\/\/mysa-home.ch\/en\/testimonials\/","title":{"rendered":"Testimonials"},"content":{"rendered":"\n<div \n     class=\"\n        content-wrapper \n        content-wrapper--padding-top-none        content-wrapper--padding-bottom-none \n        content-wrapper--background-color-white \n         \n         \n         \n         \n                \n                \n    \">\n    <div class=\"content-wrapper__anchor\" id=\"\"><\/div>\n    <div class=\"container-fluid \" style=\"margin-top: px; margin-bottom: px;\">\n        <div class=\"acf-innerblocks-container\">\n\n<div \n    class=\"image-module  content-block \">\n            <div class=\"image-module__image\">\n                            <div \n                    class=\"image-module__image__background image-module__image__background--landscape lazyload\n                                        \" \n                    data-bg=\"https:\/\/mysa-home.ch\/wp-content\/uploads\/sites\/8\/2023\/07\/opt_Thank-you-Temoignages-1.jpg\">\n                <\/div>\n                    <\/div>\n    <\/div>\n\n<\/div>\n    <\/div>\n<\/div>\n\n\n<div \n     class=\"\n        content-wrapper \n        content-wrapper--padding-top-default        content-wrapper--padding-bottom-none \n        content-wrapper--background-color-white \n         \n         \n         \n         \n                \n                \n    \">\n    <div class=\"content-wrapper__anchor\" id=\"\"><\/div>\n    <div class=\"container \" style=\"margin-top: px; margin-bottom: px;\">\n        <div class=\"acf-innerblocks-container\">\n\n<div class=\"wp-block-columns is-layout-flex wp-container-core-columns-is-layout-28f84493 wp-block-columns-is-layout-flex\">\n<div class=\"wp-block-column is-layout-flow wp-block-column-is-layout-flow\" style=\"flex-basis:16%\"><\/div>\n\n\n\n<div class=\"wp-block-column is-layout-flow wp-block-column-is-layout-flow\"><div class=\"text-module content-block\">\n            <div class=\"text-module__text cs-text-thin \"> \n            <h4>Testimonials<\/h4>\n<h1>The latest testimonials from our clients<\/h1>\n        <\/div>\n        <\/div>\n<\/div>\n\n\n\n<div class=\"wp-block-column is-layout-flow wp-block-column-is-layout-flow\" style=\"flex-basis:16%\"><\/div>\n<\/div>\n\n<\/div>\n    <\/div>\n<\/div>\n\n\n<div \n     class=\"\n        content-wrapper \n        content-wrapper--padding-top-small        content-wrapper--padding-bottom-default \n        content-wrapper--background-color-white \n         \n         \n         \n         \n                \n                \n    \">\n    <div class=\"content-wrapper__anchor\" id=\"\"><\/div>\n    <div class=\"container \" style=\"margin-top: px; margin-bottom: px;\">\n        <div class=\"acf-innerblocks-container\">\n\n<div class=\"wp-block-columns is-layout-flex wp-container-core-columns-is-layout-28f84493 wp-block-columns-is-layout-flex\">\n<div class=\"wp-block-column is-layout-flow wp-block-column-is-layout-flow\" style=\"flex-basis:16%\"><\/div>\n\n\n\n<div class=\"wp-block-column is-layout-flow wp-block-column-is-layout-flow\"><div class=\"testimonials-module\">\n                <div class=\"testimonials-module__testimonials testimonials-module__testimonials--odd horizontal-gap-lg row\">\n                                    <div class=\"col-lg-12\">\n                                                    <!-- fullwidth testimonials -->\n                            <div class=\"testimonials-module__testimonials__testimonial\">\n                                <div class=\"testimonials-module__testimonials__testimonial__inner\">\n                                    <div class=\"testimonials-module__testimonials__testimonial__inner__content testimonial__inner__content--fullwidth \">\n                                        <div class=\"row\">\n                                            <div class=\"col-lg-3 position-static margin-bottom-md\">\n                                                                                                    <div class=\"testimonials-module__quote_icon\">\n                                                        <svg width=\"32px\" height=\"25px\" viewBox=\"0 0 32 25\" version=\"1.1\" xmlns=\"http:\/\/www.w3.org\/2000\/svg\" xmlns:xlink=\"http:\/\/www.w3.org\/1999\/xlink\">\n                                                            <title>Quote<\/title>\n                                                            <g stroke=\"none\" stroke-width=\"1\" fill=\"none\" fill-rule=\"evenodd\">\n                                                                <g transform=\"translate(0.000000, 0.598145)\" fill=\"#8B79E7\" fill-rule=\"nonzero\">\n                                                                    <path d=\"M6.85714,-5.55111512e-16 C3.07,-5.55111512e-16 0,3.091415 0,7.049305 C0,11.007155 3.07,14.098655 6.85714,14.098655 C7.66286,14.098655 8.425,13.929355 9.14286,13.666955 L9.14286,14.098655 C9.14286,16.690655 7.09286,18.798155 4.57143,18.798155 C3.30929,18.798155 2.28571,19.850355 2.28571,21.147955 C2.28571,22.445455 3.30929,23.497655 4.57143,23.497655 C9.61286,23.497655 13.7143,19.281355 13.7143,14.098655 L13.7143,7.049305 C13.7143,3.091415 10.6429,-5.55111512e-16 6.85714,-5.55111512e-16 Z M32,7.049305 C32,3.156035 28.93,-5.55111512e-16 25.1429,-5.55111512e-16 C21.3557,-5.55111512e-16 18.2857,3.156035 18.2857,7.049305 C18.2857,10.942555 21.3557,14.098655 25.1429,14.098655 C25.9486,14.098655 26.7107,13.929355 27.4286,13.666955 L27.4286,14.098655 C27.4286,16.690655 25.3786,18.798155 22.8571,18.798155 C21.595,18.798155 20.5714,19.850355 20.5714,21.147955 C20.5714,22.445455 21.595,23.497655 22.8571,23.497655 C27.8986,23.497655 32,19.281355 32,14.098655 L32,7.049305 Z\" id=\"Shape\"><\/path>\n                                                                <\/g>\n                                                            <\/g>\n                                                        <\/svg>\n                                                    <\/div>\n                                                                                                <h3 class=\"\">\n                                                    M.-F. &amp; A., Ardon                                                <\/h3>\n                                                                                            <\/div>\n                                            <div class=\"col-lg-9\">\n                                                <p>Face \u00e0 la vente complexe d\u2019une propri\u00e9t\u00e9 familiale importante, Sophie s\u2019est tr\u00e8s vite appropri\u00e9e les attentes de notre hoirie et a accept\u00e9 de relever un d\u00e9fi de taille. Gr\u00e2ce \u00e0 son r\u00e9seau elle a rapidement d\u00e9couvert un acqu\u00e9reur passionn\u00e9 par un tel bien et dispos\u00e9 \u00e0 mettre en valeur ce capital architectural.<\/p>\n<p>Nous tenons \u00e0 relever chez Sophie sa grande capacit\u00e9 d\u2019\u00e9coute et son empathie, compl\u00e9t\u00e9es par un art de la n\u00e9gociation alliant les int\u00e9r\u00eats des deux parties. A cela s\u2019ajoutent ses multiples comp\u00e9tences lui permettant d\u2019activer les bonnes ressources au plan administratif, juridique et technique.<\/p>\n<p>Gr\u00e2ce \u00e0 tout cela l\u2019objectif a \u00e9t\u00e9 atteint avec un succ\u00e8s complet.<\/p>\n<p>Toutes nos f\u00e9licitations pour ce magnifique r\u00e9sultat !<\/p>\n       \n                                            <\/div>\n                                        <\/div>\n                                    <\/div>\n                                <\/div>\n                            <\/div>\n                                                \n                    <\/div>\n                                    <div class=\"col-lg-12\">\n                                                    <!-- fullwidth testimonials -->\n                            <div class=\"testimonials-module__testimonials__testimonial\">\n                                <div class=\"testimonials-module__testimonials__testimonial__inner\">\n                                    <div class=\"testimonials-module__testimonials__testimonial__inner__content testimonial__inner__content--fullwidth \">\n                                        <div class=\"row\">\n                                            <div class=\"col-lg-3 position-static margin-bottom-md\">\n                                                                                                    <div class=\"testimonials-module__quote_icon\">\n                                                        <svg width=\"32px\" height=\"25px\" viewBox=\"0 0 32 25\" version=\"1.1\" xmlns=\"http:\/\/www.w3.org\/2000\/svg\" xmlns:xlink=\"http:\/\/www.w3.org\/1999\/xlink\">\n                                                            <title>Quote<\/title>\n                                                            <g stroke=\"none\" stroke-width=\"1\" fill=\"none\" fill-rule=\"evenodd\">\n                                                                <g transform=\"translate(0.000000, 0.598145)\" fill=\"#8B79E7\" fill-rule=\"nonzero\">\n                                                                    <path d=\"M6.85714,-5.55111512e-16 C3.07,-5.55111512e-16 0,3.091415 0,7.049305 C0,11.007155 3.07,14.098655 6.85714,14.098655 C7.66286,14.098655 8.425,13.929355 9.14286,13.666955 L9.14286,14.098655 C9.14286,16.690655 7.09286,18.798155 4.57143,18.798155 C3.30929,18.798155 2.28571,19.850355 2.28571,21.147955 C2.28571,22.445455 3.30929,23.497655 4.57143,23.497655 C9.61286,23.497655 13.7143,19.281355 13.7143,14.098655 L13.7143,7.049305 C13.7143,3.091415 10.6429,-5.55111512e-16 6.85714,-5.55111512e-16 Z M32,7.049305 C32,3.156035 28.93,-5.55111512e-16 25.1429,-5.55111512e-16 C21.3557,-5.55111512e-16 18.2857,3.156035 18.2857,7.049305 C18.2857,10.942555 21.3557,14.098655 25.1429,14.098655 C25.9486,14.098655 26.7107,13.929355 27.4286,13.666955 L27.4286,14.098655 C27.4286,16.690655 25.3786,18.798155 22.8571,18.798155 C21.595,18.798155 20.5714,19.850355 20.5714,21.147955 C20.5714,22.445455 21.595,23.497655 22.8571,23.497655 C27.8986,23.497655 32,19.281355 32,14.098655 L32,7.049305 Z\" id=\"Shape\"><\/path>\n                                                                <\/g>\n                                                            <\/g>\n                                                        <\/svg>\n                                                    <\/div>\n                                                                                                <h3 class=\"\">\n                                                    S. Garner, Anz\u00e8re                                                <\/h3>\n                                                                                            <\/div>\n                                            <div class=\"col-lg-9\">\n                                                <p>It\u00a0is not an exaggeration to say that as foreigners, without the help of Sophie Gillioz we could not have navigated the process of selling our chalet in Anzere. Sophie is very professional and trustworthy, she kept us informed at every step of the way and liaised with notaires on our behalf. Sophie went\u00a0above and beyond her remit to assist us in selling and I would highly recommend her services.<\/p>\n       \n                                            <\/div>\n                                        <\/div>\n                                    <\/div>\n                                <\/div>\n                            <\/div>\n                                                \n                    <\/div>\n                                    <div class=\"col-lg-12\">\n                                                    <!-- fullwidth testimonials -->\n                            <div class=\"testimonials-module__testimonials__testimonial\">\n                                <div class=\"testimonials-module__testimonials__testimonial__inner\">\n                                    <div class=\"testimonials-module__testimonials__testimonial__inner__content testimonial__inner__content--fullwidth \">\n                                        <div class=\"row\">\n                                            <div class=\"col-lg-3 position-static margin-bottom-md\">\n                                                                                                    <div class=\"testimonials-module__quote_icon\">\n                                                        <svg width=\"32px\" height=\"25px\" viewBox=\"0 0 32 25\" version=\"1.1\" xmlns=\"http:\/\/www.w3.org\/2000\/svg\" xmlns:xlink=\"http:\/\/www.w3.org\/1999\/xlink\">\n                                                            <title>Quote<\/title>\n                                                            <g stroke=\"none\" stroke-width=\"1\" fill=\"none\" fill-rule=\"evenodd\">\n                                                                <g transform=\"translate(0.000000, 0.598145)\" fill=\"#8B79E7\" fill-rule=\"nonzero\">\n                                                                    <path d=\"M6.85714,-5.55111512e-16 C3.07,-5.55111512e-16 0,3.091415 0,7.049305 C0,11.007155 3.07,14.098655 6.85714,14.098655 C7.66286,14.098655 8.425,13.929355 9.14286,13.666955 L9.14286,14.098655 C9.14286,16.690655 7.09286,18.798155 4.57143,18.798155 C3.30929,18.798155 2.28571,19.850355 2.28571,21.147955 C2.28571,22.445455 3.30929,23.497655 4.57143,23.497655 C9.61286,23.497655 13.7143,19.281355 13.7143,14.098655 L13.7143,7.049305 C13.7143,3.091415 10.6429,-5.55111512e-16 6.85714,-5.55111512e-16 Z M32,7.049305 C32,3.156035 28.93,-5.55111512e-16 25.1429,-5.55111512e-16 C21.3557,-5.55111512e-16 18.2857,3.156035 18.2857,7.049305 C18.2857,10.942555 21.3557,14.098655 25.1429,14.098655 C25.9486,14.098655 26.7107,13.929355 27.4286,13.666955 L27.4286,14.098655 C27.4286,16.690655 25.3786,18.798155 22.8571,18.798155 C21.595,18.798155 20.5714,19.850355 20.5714,21.147955 C20.5714,22.445455 21.595,23.497655 22.8571,23.497655 C27.8986,23.497655 32,19.281355 32,14.098655 L32,7.049305 Z\" id=\"Shape\"><\/path>\n                                                                <\/g>\n                                                            <\/g>\n                                                        <\/svg>\n                                                    <\/div>\n                                                                                                <h3 class=\"\">\n                                                    I. B\u00e9trisey, Vernami\u00e8ge                                                <\/h3>\n                                                                                            <\/div>\n                                            <div class=\"col-lg-9\">\n                                                <p>Ce message car je tiens \u00e0 vous remercier encore chaleureusement pour le processus de vente de notre chalet. Ce fut fort pr\u00e9cieux d&#8217;\u00eatre accompagn\u00e9 de mani\u00e8re si professionnelle et bienveillante.<\/p>\n<p>Belle suite \u00e0 vous !<\/p>\n       \n                                            <\/div>\n                                        <\/div>\n                                    <\/div>\n                                <\/div>\n                            <\/div>\n                                                \n                    <\/div>\n                            <\/div>\n    <\/div>\n<\/div>\n\n\n\n<div class=\"wp-block-column is-layout-flow wp-block-column-is-layout-flow\" style=\"flex-basis:16%\"><\/div>\n<\/div>\n\n<\/div>\n    <\/div>\n<\/div>","protected":false},"excerpt":{"rendered":"","protected":false},"author":1,"featured_media":0,"parent":0,"menu_order":0,"comment_status":"closed","ping_status":"closed","template":"","meta":{"_acf_changed":false,"inline_featured_image":false,"footnotes":""},"class_list":["post-401","page","type-page","status-publish","hentry"],"acf":[],"yoast_head":"<!-- This site is optimized with the Yoast SEO plugin v27.4 - https:\/\/yoast.com\/product\/yoast-seo-wordpress\/ -->\n<title>Testimonials - MYSA Home S\u00e0rl<\/title>\n<meta name=\"robots\" content=\"index, follow, max-snippet:-1, max-image-preview:large, max-video-preview:-1\" \/>\n<link rel=\"canonical\" href=\"https:\/\/mysa-home.ch\/en\/testimonials\/\" \/>\n<meta property=\"og:locale\" content=\"en_US\" \/>\n<meta property=\"og:type\" content=\"article\" \/>\n<meta property=\"og:title\" content=\"Testimonials - MYSA Home S\u00e0rl\" \/>\n<meta property=\"og:url\" content=\"https:\/\/mysa-home.ch\/en\/testimonials\/\" \/>\n<meta property=\"og:site_name\" content=\"MYSA Home S\u00e0rl\" \/>\n<meta property=\"article:modified_time\" content=\"2023-09-12T18:38:37+00:00\" \/>\n<meta name=\"twitter:card\" content=\"summary_large_image\" \/>\n<script type=\"application\/ld+json\" class=\"yoast-schema-graph\">{\"@context\":\"https:\\\/\\\/schema.org\",\"@graph\":[{\"@type\":\"WebPage\",\"@id\":\"https:\\\/\\\/mysa-home.ch\\\/en\\\/testimonials\\\/\",\"url\":\"https:\\\/\\\/mysa-home.ch\\\/en\\\/testimonials\\\/\",\"name\":\"Testimonials - MYSA Home S\u00e0rl\",\"isPartOf\":{\"@id\":\"https:\\\/\\\/mysa-home.ch\\\/#website\"},\"datePublished\":\"2023-07-26T11:50:20+00:00\",\"dateModified\":\"2023-09-12T18:38:37+00:00\",\"breadcrumb\":{\"@id\":\"https:\\\/\\\/mysa-home.ch\\\/en\\\/testimonials\\\/#breadcrumb\"},\"inLanguage\":\"en-US\",\"potentialAction\":[{\"@type\":\"ReadAction\",\"target\":[\"https:\\\/\\\/mysa-home.ch\\\/en\\\/testimonials\\\/\"]}]},{\"@type\":\"BreadcrumbList\",\"@id\":\"https:\\\/\\\/mysa-home.ch\\\/en\\\/testimonials\\\/#breadcrumb\",\"itemListElement\":[{\"@type\":\"ListItem\",\"position\":1,\"name\":\"Startseite\",\"item\":\"https:\\\/\\\/mysa-home.ch\\\/en\\\/\"},{\"@type\":\"ListItem\",\"position\":2,\"name\":\"Testimonials\"}]},{\"@type\":\"WebSite\",\"@id\":\"https:\\\/\\\/mysa-home.ch\\\/#website\",\"url\":\"https:\\\/\\\/mysa-home.ch\\\/\",\"name\":\"MYSA Home S\u00e0rl\",\"description\":\"\",\"publisher\":{\"@id\":\"https:\\\/\\\/mysa-home.ch\\\/#organization\"},\"potentialAction\":[{\"@type\":\"SearchAction\",\"target\":{\"@type\":\"EntryPoint\",\"urlTemplate\":\"https:\\\/\\\/mysa-home.ch\\\/?s={search_term_string}\"},\"query-input\":{\"@type\":\"PropertyValueSpecification\",\"valueRequired\":true,\"valueName\":\"search_term_string\"}}],\"inLanguage\":\"en-US\"},{\"@type\":\"Organization\",\"@id\":\"https:\\\/\\\/mysa-home.ch\\\/#organization\",\"name\":\"MYSA Home S\u00e0rl\",\"url\":\"https:\\\/\\\/mysa-home.ch\\\/\",\"logo\":{\"@type\":\"ImageObject\",\"inLanguage\":\"en-US\",\"@id\":\"https:\\\/\\\/mysa-home.ch\\\/#\\\/schema\\\/logo\\\/image\\\/\",\"url\":\"https:\\\/\\\/mysa-home.ch\\\/wp-content\\\/uploads\\\/sites\\\/8\\\/2023\\\/07\\\/logo-mysahome-negatif.svg\",\"contentUrl\":\"https:\\\/\\\/mysa-home.ch\\\/wp-content\\\/uploads\\\/sites\\\/8\\\/2023\\\/07\\\/logo-mysahome-negatif.svg\",\"width\":288,\"height\":154,\"caption\":\"MYSA Home S\u00e0rl\"},\"image\":{\"@id\":\"https:\\\/\\\/mysa-home.ch\\\/#\\\/schema\\\/logo\\\/image\\\/\"}}]}<\/script>\n<!-- \/ Yoast SEO plugin. -->","yoast_head_json":{"title":"Testimonials - MYSA Home S\u00e0rl","robots":{"index":"index","follow":"follow","max-snippet":"max-snippet:-1","max-image-preview":"max-image-preview:large","max-video-preview":"max-video-preview:-1"},"canonical":"https:\/\/mysa-home.ch\/en\/testimonials\/","og_locale":"en_US","og_type":"article","og_title":"Testimonials - MYSA Home S\u00e0rl","og_url":"https:\/\/mysa-home.ch\/en\/testimonials\/","og_site_name":"MYSA Home S\u00e0rl","article_modified_time":"2023-09-12T18:38:37+00:00","twitter_card":"summary_large_image","schema":{"@context":"https:\/\/schema.org","@graph":[{"@type":"WebPage","@id":"https:\/\/mysa-home.ch\/en\/testimonials\/","url":"https:\/\/mysa-home.ch\/en\/testimonials\/","name":"Testimonials - MYSA Home S\u00e0rl","isPartOf":{"@id":"https:\/\/mysa-home.ch\/#website"},"datePublished":"2023-07-26T11:50:20+00:00","dateModified":"2023-09-12T18:38:37+00:00","breadcrumb":{"@id":"https:\/\/mysa-home.ch\/en\/testimonials\/#breadcrumb"},"inLanguage":"en-US","potentialAction":[{"@type":"ReadAction","target":["https:\/\/mysa-home.ch\/en\/testimonials\/"]}]},{"@type":"BreadcrumbList","@id":"https:\/\/mysa-home.ch\/en\/testimonials\/#breadcrumb","itemListElement":[{"@type":"ListItem","position":1,"name":"Startseite","item":"https:\/\/mysa-home.ch\/en\/"},{"@type":"ListItem","position":2,"name":"Testimonials"}]},{"@type":"WebSite","@id":"https:\/\/mysa-home.ch\/#website","url":"https:\/\/mysa-home.ch\/","name":"MYSA Home S\u00e0rl","description":"","publisher":{"@id":"https:\/\/mysa-home.ch\/#organization"},"potentialAction":[{"@type":"SearchAction","target":{"@type":"EntryPoint","urlTemplate":"https:\/\/mysa-home.ch\/?s={search_term_string}"},"query-input":{"@type":"PropertyValueSpecification","valueRequired":true,"valueName":"search_term_string"}}],"inLanguage":"en-US"},{"@type":"Organization","@id":"https:\/\/mysa-home.ch\/#organization","name":"MYSA Home S\u00e0rl","url":"https:\/\/mysa-home.ch\/","logo":{"@type":"ImageObject","inLanguage":"en-US","@id":"https:\/\/mysa-home.ch\/#\/schema\/logo\/image\/","url":"https:\/\/mysa-home.ch\/wp-content\/uploads\/sites\/8\/2023\/07\/logo-mysahome-negatif.svg","contentUrl":"https:\/\/mysa-home.ch\/wp-content\/uploads\/sites\/8\/2023\/07\/logo-mysahome-negatif.svg","width":288,"height":154,"caption":"MYSA Home S\u00e0rl"},"image":{"@id":"https:\/\/mysa-home.ch\/#\/schema\/logo\/image\/"}}]}},"_links":{"self":[{"href":"https:\/\/mysa-home.ch\/en\/wp-json\/wp\/v2\/pages\/401","targetHints":{"allow":["GET"]}}],"collection":[{"href":"https:\/\/mysa-home.ch\/en\/wp-json\/wp\/v2\/pages"}],"about":[{"href":"https:\/\/mysa-home.ch\/en\/wp-json\/wp\/v2\/types\/page"}],"author":[{"embeddable":true,"href":"https:\/\/mysa-home.ch\/en\/wp-json\/wp\/v2\/users\/1"}],"replies":[{"embeddable":true,"href":"https:\/\/mysa-home.ch\/en\/wp-json\/wp\/v2\/comments?post=401"}],"version-history":[{"count":0,"href":"https:\/\/mysa-home.ch\/en\/wp-json\/wp\/v2\/pages\/401\/revisions"}],"wp:attachment":[{"href":"https:\/\/mysa-home.ch\/en\/wp-json\/wp\/v2\/media?parent=401"}],"curies":[{"name":"wp","href":"https:\/\/api.w.org\/{rel}","templated":true}]}}